{"id":118,"date":"2024-07-10T13:28:43","date_gmt":"2024-07-10T11:28:43","guid":{"rendered":"https:\/\/sandrine-sevin-psy.fr\/?page_id=118"},"modified":"2024-07-21T23:44:07","modified_gmt":"2024-07-21T21:44:07","slug":"quest-ce-quune-psychopraticienne","status":"publish","type":"page","link":"https:\/\/sandrine-sevin-psy.fr\/index.php\/quest-ce-quune-psychopraticienne\/","title":{"rendered":"Qu\u2019est-ce qu\u2019un(e) psychopraticien(ne)?"},"content":{"rendered":"\n<div class=\"wp-block-cover alignfull has-custom-content-position is-position-center-left\" style=\"margin-top:0;margin-bottom:0;padding-top:0%;padding-right:0;padding-bottom:0;min-height:381px;aspect-ratio:unset;\"><span aria-hidden=\"true\" class=\"wp-block-cover__background has-background-dim-30 has-background-dim wp-block-cover__gradient-background has-background-gradient\" style=\"background:linear-gradient(135deg,rgb(122,220,180) 94%,rgb(0,208,130) 100%)\"><\/span><img loading=\"lazy\" decoding=\"async\" width=\"2560\" height=\"1920\" class=\"wp-block-cover__image-background wp-image-213\" alt=\"\" src=\"http:\/\/sandrine-sevin-psy.fr\/wp-content\/uploads\/2024\/07\/20230930_084059-scaled.jpg\" style=\"object-position:50% 69%\" data-object-fit=\"cover\" data-object-position=\"50% 69%\" srcset=\"https:\/\/sandrine-sevin-psy.fr\/wp-content\/uploads\/2024\/07\/20230930_084059-scaled.jpg 2560w, https:\/\/sandrine-sevin-psy.fr\/wp-content\/uploads\/2024\/07\/20230930_084059-300x225.jpg 300w, https:\/\/sandrine-sevin-psy.fr\/wp-content\/uploads\/2024\/07\/20230930_084059-1024x768.jpg 1024w, https:\/\/sandrine-sevin-psy.fr\/wp-content\/uploads\/2024\/07\/20230930_084059-768x576.jpg 768w, https:\/\/sandrine-sevin-psy.fr\/wp-content\/uploads\/2024\/07\/20230930_084059-1536x1152.jpg 1536w, https:\/\/sandrine-sevin-psy.fr\/wp-content\/uploads\/2024\/07\/20230930_084059-2048x1536.jpg 2048w\" sizes=\"auto, (max-width: 2560px) 100vw, 2560px\" \/><div class=\"wp-block-cover__inner-container has-global-padding is-layout-constrained wp-container-core-cover-is-layout-9cc4e584 wp-block-cover-is-layout-constrained\">\n<p class=\"has-text-color has-link-color has-large-font-size wp-elements-b9ab512ca0a136e9d24a027ec9248dc9\" style=\"color:#fefefe\"><strong>Un(e) psychopraticien(ne) c&rsquo;est quoi ?<\/strong><\/p>\n<\/div><\/div>\n\n\n\n<section class=\"wp-block-group alignfull has-text-color has-global-padding is-layout-constrained wp-container-core-group-is-layout-4252d6ba wp-block-group-is-layout-constrained\" style=\"color:#03081e;margin-top:0px;padding-top:6.51rem;padding-right:1rem;padding-bottom:5.5rem;padding-left:1rem;font-size:clamp(0.875rem, 0.875rem + ((1vw - 0.2rem) * 0.464), 1.13rem);font-style:normal;font-weight:400;line-height:1.4\">\n<div class=\"wp-block-columns is-layout-flex wp-container-core-columns-is-layout-db2df21c wp-block-columns-is-layout-flex\" style=\"margin-bottom:0px\">\n<div class=\"wp-block-column is-layout-flow wp-block-column-is-layout-flow\">\n<div class=\"wp-block-group has-global-padding is-layout-constrained wp-block-group-is-layout-constrained\">\n<p class=\"has-text-color has-link-color has-work-sans-regular-font-family has-medium-font-size wp-elements-a1af7663748fef845cdc1a6b18ac3f1f\" style=\"color:#000000\">\u00ab\u00a0Comme les autres professionnels (psychiatres, psychanalystes, psychologues), le psychopraticien certifi\u00e9 FF2P est un&nbsp;<strong>professionnel de la relation d\u2019aide<\/strong>, dont la pratique s\u2019exerce dans le champ de la psychoth\u00e9rapie.<\/p>\n\n\n\n<p class=\"has-text-color has-link-color has-work-sans-regular-font-family has-medium-font-size wp-elements-fb35f8dac0cb2c014c3747a7e81e2297\" style=\"color:#000000\">Mais il se diff\u00e9rencie des autres m\u00e9tiers du m\u00eame domaine par sa pratique particuli\u00e8re, d\u00e9finie par une m\u00e9thode.<\/p>\n\n\n\n<p class=\"has-text-color has-link-color has-work-sans-regular-font-family has-medium-font-size wp-elements-875228155903c500825bb71a2d9d66ed\" style=\"color:#000000\">La particularit\u00e9 de l\u2019accompagnement du psychopraticien est de&nbsp;<strong>consid\u00e9rer le client comme acteur et co-cr\u00e9ateur de son processus de changement<\/strong>.<\/p>\n\n\n\n<p class=\"has-text-color has-link-color has-work-sans-regular-font-family has-medium-font-size wp-elements-c68a42178f41939fccc31aa86de28aca\" style=\"color:#000000\">\u00c0 partir de ce qui se passe dans l\u2019ici et maintenant de la rencontre, le psychopraticien fait preuve d\u2019une grande qualit\u00e9 de pr\u00e9sence lui permettant d\u2019\u00eatre attentif \u00e0 la globalit\u00e9 de ce que la personne lui donne \u00e0 voir.<\/p>\n\n\n\n<p class=\"has-text-color has-link-color has-work-sans-regular-font-family has-medium-font-size wp-elements-055a170a9b5e5702ed2196e997a3c660\" style=\"color:#000000\">Il s\u2019appuie sur une formation solide et sur sa m\u00e9thode sp\u00e9cifique, ainsi que sur son parcours th\u00e9rapeutique personnel, pour permettre au client de trouver ses propres r\u00e9ponses, ses ressources personnelles, son potentiel, afin qu\u2019il relance un processus de croissance, d\u2019autonomie et de cr\u00e9ativit\u00e9.<\/p>\n\n\n\n<p class=\"has-text-color has-link-color has-work-sans-regular-font-family has-medium-font-size wp-elements-98795378ae3fedaef374d6d2fd2d77d4\" style=\"color:#000000\">C\u2019est un professionnel comp\u00e9tent, soucieux de l\u2019\u00e9thique.<\/p>\n\n\n\n<p class=\"has-text-color has-link-color has-work-sans-regular-font-family has-medium-font-size wp-elements-cd11525dd140c776dfd81facb9259532\" style=\"color:#000000\">Durant tout son exercice professionnel, il fera contr\u00f4ler sa pratique par un autre professionnel form\u00e9 \u00e0 la supervision, condition indispensable \u00e0 un travail de qualit\u00e9.<\/p>\n\n\n\n<p class=\"has-text-color has-link-color has-work-sans-regular-font-family has-medium-font-size wp-elements-d82a559ee5d1fb034f248099dfd76db5\" style=\"color:#000000\">\u00c0 cet effet, il s\u2019engage \u00e0 respecter le Code de d\u00e9ontologie de la FF2P.\u00a0\u00bb<\/p>\n\n\n\n<p class=\"has-text-color has-link-color has-work-sans-regular-font-family has-medium-font-size wp-elements-8b2518bd20f94356de9ea3185d94462a\" style=\"color:#000000\"><br><\/p>\n\n\n\n<p class=\"has-text-color has-link-color has-work-sans-regular-font-family has-medium-font-size wp-elements-9f105224320d03648511da8920f55edd\" style=\"color:#000000\">Extrait de&nbsp;<em>Ma bible des psychoth\u00e9rapies.F\u00e9d\u00e9ration Fran\u00e7aise de Psychoth\u00e9rapie et Psychanalyse.<\/em><\/p>\n\n\n\n<p class=\"has-text-color has-link-color has-work-sans-regular-font-family has-medium-font-size wp-elements-8b2518bd20f94356de9ea3185d94462a\" style=\"color:#000000\"><br><\/p>\n\n\n\n<p class=\"has-text-color has-link-color has-work-sans-regular-font-family has-medium-font-size wp-elements-d355e881dd4915662dc3678e727c7a54\" style=\"color:#000000;text-transform:none\"><strong>Quels sont les autres psy ?<\/strong><\/p>\n\n\n\n<p class=\"has-text-color has-link-color has-work-sans-regular-font-family has-medium-font-size wp-elements-5034435ae20d55773b8a2002c18dc00f\" style=\"color:#000000;text-transform:none\"><br><\/p>\n\n\n\n<p class=\"has-text-color has-link-color has-work-sans-regular-font-family has-medium-font-size wp-elements-bcc157996b4283b71bbecc835b1be3be\" style=\"color:#000000\"><strong>Le psychiatre<\/strong>&nbsp;est un m\u00e9decin avec une sp\u00e9cialit\u00e9 dans le champs de la sant\u00e9 mentale. Il est form\u00e9 aux diagnostics et au traitement des pathologies psychiatriques, il est le seul habilit\u00e9 \u00e0 prescrire des m\u00e9dicaments.<\/p>\n\n\n\n<p class=\"has-text-color has-link-color has-work-sans-regular-font-family has-medium-font-size wp-elements-f5bdba1c08b0bedefe32eabe3962bbb9\" style=\"color:#000000\"><strong>Le psychologue clinicien<\/strong>&nbsp;est titulaire d\u2019un master 2 en psychologie clinique. Il a une formation universitaire.<\/p>\n\n\n\n<p class=\"has-text-color has-link-color has-work-sans-regular-font-family has-medium-font-size wp-elements-7a3d3622daf498968d345954356f4748\" style=\"color:#000000\"><strong>Le titre de psychoth\u00e9rapeute<\/strong>, quant \u00e0 lui, a \u00e9t\u00e9 r\u00e9serv\u00e9 en 2002 aux seuls m\u00e9decins et psychologues cliniciens, qu\u2019ils aient ou non une formation compl\u00e9mentaire au m\u00e9tier de la psychoth\u00e9rapie.<\/p>\n\n\n\n<p class=\"has-text-color has-link-color has-work-sans-regular-font-family has-medium-font-size wp-elements-5122a0cc346d58d293112e907ef9a2a4\" style=\"color:#000000\"><strong>Le psychanalyste<\/strong>&nbsp;est un professionnel de la psychoth\u00e9rapie, au m\u00eame titre qu\u2019un psychopraticien. Il est form\u00e9 \u00e0 la psychanalyse, qui est une des m\u00e9thodes de psychoth\u00e9rapie, et il a suivi lui-m\u00eame une psychanalyse.<\/p>\n<\/div>\n<\/div>\n<\/div>\n<\/section>\n","protected":false},"excerpt":{"rendered":"<p>\u00ab\u00a0Comme les autres professionnels (psychiatres, psychanalystes, psychologues), le psychopraticien certifi\u00e9 FF2P est un&nbsp;professionnel de la relation d\u2019aide, dont la pratique s\u2019exerce dans le champ de la psychoth\u00e9rapie. Mais il se diff\u00e9rencie des autres m\u00e9tiers du m\u00eame domaine par sa pratique particuli\u00e8re, d\u00e9finie par une m\u00e9thode. La particularit\u00e9 de l\u2019accompagnement du psychopraticien est de&nbsp;consid\u00e9rer le client [&hellip;]<\/p>\n","protected":false},"author":1,"featured_media":0,"parent":0,"menu_order":0,"comment_status":"closed","ping_status":"closed","template":"","meta":{"footnotes":""},"class_list":["post-118","page","type-page","status-publish","hentry"],"_links":{"self":[{"href":"https:\/\/sandrine-sevin-psy.fr\/index.php\/wp-json\/wp\/v2\/pages\/118","targetHints":{"allow":["GET"]}}],"collection":[{"href":"https:\/\/sandrine-sevin-psy.fr\/index.php\/wp-json\/wp\/v2\/pages"}],"about":[{"href":"https:\/\/sandrine-sevin-psy.fr\/index.php\/wp-json\/wp\/v2\/types\/page"}],"author":[{"embeddable":true,"href":"https:\/\/sandrine-sevin-psy.fr\/index.php\/wp-json\/wp\/v2\/users\/1"}],"replies":[{"embeddable":true,"href":"https:\/\/sandrine-sevin-psy.fr\/index.php\/wp-json\/wp\/v2\/comments?post=118"}],"version-history":[{"count":35,"href":"https:\/\/sandrine-sevin-psy.fr\/index.php\/wp-json\/wp\/v2\/pages\/118\/revisions"}],"predecessor-version":[{"id":456,"href":"https:\/\/sandrine-sevin-psy.fr\/index.php\/wp-json\/wp\/v2\/pages\/118\/revisions\/456"}],"wp:attachment":[{"href":"https:\/\/sandrine-sevin-psy.fr\/index.php\/wp-json\/wp\/v2\/media?parent=118"}],"curies":[{"name":"wp","href":"https:\/\/api.w.org\/{rel}","templated":true}]}}