{"id":18,"date":"2024-07-02T18:23:32","date_gmt":"2024-07-02T16:23:32","guid":{"rendered":"https:\/\/sandrine-sevin-psy.fr\/?page_id=18"},"modified":"2024-09-03T22:44:07","modified_gmt":"2024-09-03T20:44:07","slug":"about","status":"publish","type":"page","link":"https:\/\/sandrine-sevin-psy.fr\/index.php\/about\/","title":{"rendered":"\u00c0 propos"},"content":{"rendered":"\n<section class=\"wp-block-group alignfull has-text-color has-global-padding is-layout-constrained wp-container-core-group-is-layout-1714eacc wp-block-group-is-layout-constrained\" style=\"color:#03081e;margin-top:0px;padding-top:0rem;padding-right:1rem;padding-bottom:5.5rem;padding-left:1rem;font-size:clamp(0.875rem, 0.875rem + ((1vw - 0.2rem) * 0.464), 1.13rem);font-style:normal;font-weight:400;line-height:1.4\">\n<div class=\"wp-block-group alignfull is-vertical is-content-justification-left is-nowrap is-layout-flex wp-container-core-group-is-layout-4d5056eb wp-block-group-is-layout-flex\">\n<div class=\"wp-block-columns alignwide is-layout-flex wp-container-core-columns-is-layout-6fc04250 wp-block-columns-is-layout-flex\" style=\"border-style:none;border-width:0px;margin-bottom:0px;padding-top:0;padding-right:0;padding-bottom:0;padding-left:0\">\n<div class=\"wp-block-column is-vertically-aligned-center has-global-padding is-content-justification-center is-layout-constrained wp-container-core-column-is-layout-41109410 wp-block-column-is-layout-constrained\" style=\"border-style:none;border-width:0px;padding-top:0;padding-right:0;padding-bottom:0;padding-left:0\">\n<div class=\"wp-block-group alignfull has-global-padding is-layout-constrained wp-block-group-is-layout-constrained\">\n<h3 class=\"wp-block-heading alignwide has-text-align-left has-text-color has-work-sans-regular-font-family has-medium-font-size\" style=\"color:#07277c;margin-top:0.5rem;margin-bottom:1.01rem;margin-left:0;font-style:normal;font-weight:500;letter-spacing:0px;line-height:1.3;text-transform:none\"><br><strong>Ma formation :<br><\/strong><br>&#8211; Etudes d&rsquo;\u00e9ducatrice de jeunes enfants, Ecole Saint Honor\u00e9, Paris<br>&#8211; Etudes de Psychologie \u00e0 l&rsquo;Universit\u00e9 de Bourgogne, Dijon<br>&#8211; Formation \u00e0 l&rsquo;Ecole d&rsquo;Analyse Transactionnelle de Lyon<br>&#8211; Formation \u00e0 l&rsquo;analyse de la pratique professionnelle<br><br>Je suis en formation permanente afin de toujours mieux comprendre les ph\u00e9nom\u00e8nes psychiques.<br>Je participe \u00e0 des groupes d&rsquo;intervisions et de supervisions cliniques afin d&rsquo;avoir d&rsquo;autres regards sur ma pratique.<br>J&rsquo;adh\u00e8re au Code de D\u00e9ontologie de l&rsquo;EATA<\/h3>\n<\/div>\n<\/div>\n<\/div>\n\n\n\n<div class=\"wp-block-columns alignfull are-vertically-aligned-center has-background is-layout-flex wp-container-core-columns-is-layout-829a2521 wp-block-columns-is-layout-flex\" style=\"background-color:#ffffff;margin-top:0;margin-bottom:0px\">\n<div class=\"wp-block-column is-vertically-aligned-center is-layout-flow wp-block-column-is-layout-flow\">\n<div class=\"wp-block-group is-nowrap is-layout-flex wp-container-core-group-is-layout-3f7ca830 wp-block-group-is-layout-flex\" style=\"min-height:100%\">\n<div class=\"wp-block-group has-global-padding is-content-justification-center is-layout-constrained wp-container-core-group-is-layout-b15c80d6 wp-block-group-is-layout-constrained\">\n<h3 class=\"wp-block-heading has-text-align-left has-text-color has-work-sans-regular-font-family\" style=\"color:#07277c;margin-top:0.5rem;margin-bottom:1.01rem;font-size:clamp(0.929rem, 0.929rem + ((1vw - 0.2rem) * 0.856), 1.4rem);font-style:normal;font-weight:500;letter-spacing:0px;line-height:1.3\"><strong><strong><strong>Psychoth\u00e9rapie en Analyse Transactionnelle :<\/strong><\/strong><\/strong><\/h3>\n\n\n\n<p class=\"has-text-align-left has-text-color has-link-color has-work-sans-regular-font-family has-medium-font-size wp-elements-bda737bc5d28a2f53f39bd1a11ff7eaa\" style=\"color:#000000;margin-top:0;margin-right:0;margin-bottom:0;margin-left:0;padding-top:0;padding-right:0;padding-bottom:0;padding-left:0\"><strong>\u00ab\u00a0Connais toi toi-m\u00eame\u00a0\u00bb<\/strong> &#8211; <strong>Socrate<\/strong><br><br><\/p>\n\n\n\n<p class=\"has-text-align-left has-text-color has-link-color has-work-sans-regular-font-family has-medium-font-size wp-elements-f2892f6ff846d5979a6893d5570fbd66\" style=\"color:#000000;margin-top:0;margin-right:0;margin-bottom:0;margin-left:0;padding-top:0;padding-right:0;padding-bottom:0;padding-left:0\">Je re\u00e7ois \u00e0 mon cabinet en th\u00e9rapie individuelle enfants-adolescents-adultes dans une approche o\u00f9 chaque personne est unique et prise dans sa globalit\u00e9 (corps, pens\u00e9es, \u00e9motions, valeurs, environnement familial et social) avec la conviction qu&rsquo;elle est capable de faire, pour elle-m\u00eame des choix libres et \u00e9clair\u00e9s, de r\u00e9soudre ses propres difficult\u00e9s et de changer de mani\u00e8re constructive sa relation \u00e0 soi et aux autres. Ma d\u00e9marche est d&rsquo;\u00e9tablir avec la personne une relation humaine et collaborative, afin de l&rsquo;accompagner et de la soutenir dans son changement. Avec les enfants, afin d&rsquo;ouvrir un espace de parole, j&rsquo;utilise comme outil th\u00e9rapeutique le dessin et le jeu au travers desquels il va pouvoir symboliser et mettre en sc\u00e8ne ses conflits psychiques et ses angoisses, ce qui me permet de mieux le comprendre et l&rsquo;accompagner.<\/p>\n<\/div>\n<\/div>\n<\/div>\n\n\n\n<div class=\"wp-block-column is-vertically-aligned-center has-global-padding is-content-justification-left is-layout-constrained wp-container-core-column-is-layout-12dd3699 wp-block-column-is-layout-constrained\" style=\"flex-basis:45%\">\n<figure class=\"wp-block-image alignfull size-full\"><img loading=\"lazy\" decoding=\"async\" width=\"1599\" height=\"1322\" src=\"http:\/\/sandrine-sevin-psy.fr\/wp-content\/uploads\/2024\/09\/IMG_20240903_224122.jpg\" alt=\"\" class=\"wp-image-468\" srcset=\"https:\/\/sandrine-sevin-psy.fr\/wp-content\/uploads\/2024\/09\/IMG_20240903_224122.jpg 1599w, https:\/\/sandrine-sevin-psy.fr\/wp-content\/uploads\/2024\/09\/IMG_20240903_224122-300x248.jpg 300w, https:\/\/sandrine-sevin-psy.fr\/wp-content\/uploads\/2024\/09\/IMG_20240903_224122-1024x847.jpg 1024w, https:\/\/sandrine-sevin-psy.fr\/wp-content\/uploads\/2024\/09\/IMG_20240903_224122-768x635.jpg 768w, https:\/\/sandrine-sevin-psy.fr\/wp-content\/uploads\/2024\/09\/IMG_20240903_224122-1536x1270.jpg 1536w\" sizes=\"auto, (max-width: 1599px) 100vw, 1599px\" \/><\/figure>\n<\/div>\n<\/div>\n<\/div>\n<\/section>\n\n\n\n<section class=\"wp-block-group alignfull has-text-color has-background has-global-padding is-content-justification-center is-layout-constrained wp-container-core-group-is-layout-cd746791 wp-block-group-is-layout-constrained\" style=\"color:#03081e;background-color:#fff8e7;margin-top:0px;padding-top:0rem;padding-right:1rem;padding-bottom:5.5rem;padding-left:1rem;font-size:clamp(0.875rem, 0.875rem + ((1vw - 0.2rem) * 0.464), 1.13rem);font-style:normal;font-weight:400;line-height:1.4\">\n<div class=\"wp-block-columns alignwide are-vertically-aligned-center is-layout-flex wp-container-core-columns-is-layout-db2df21c wp-block-columns-is-layout-flex\" style=\"margin-bottom:0px\">\n<div class=\"wp-block-column is-vertically-aligned-center has-global-padding is-content-justification-left is-layout-constrained wp-container-core-column-is-layout-06628af8 wp-block-column-is-layout-constrained\" style=\"padding-top:0;padding-right:0;padding-bottom:0;padding-left:0;flex-basis:50%\">\n<figure class=\"wp-block-image alignfull size-full\"><img loading=\"lazy\" decoding=\"async\" width=\"2000\" height=\"1126\" src=\"https:\/\/sandrine-sevin-psy.fr\/wp-content\/uploads\/2024\/07\/IMG-20240719-WA0014.jpg\" alt=\"\" class=\"wp-image-328\" srcset=\"https:\/\/sandrine-sevin-psy.fr\/wp-content\/uploads\/2024\/07\/IMG-20240719-WA0014.jpg 2000w, https:\/\/sandrine-sevin-psy.fr\/wp-content\/uploads\/2024\/07\/IMG-20240719-WA0014-300x169.jpg 300w, https:\/\/sandrine-sevin-psy.fr\/wp-content\/uploads\/2024\/07\/IMG-20240719-WA0014-1024x577.jpg 1024w, https:\/\/sandrine-sevin-psy.fr\/wp-content\/uploads\/2024\/07\/IMG-20240719-WA0014-768x432.jpg 768w, https:\/\/sandrine-sevin-psy.fr\/wp-content\/uploads\/2024\/07\/IMG-20240719-WA0014-1536x865.jpg 1536w\" sizes=\"auto, (max-width: 2000px) 100vw, 2000px\" \/><\/figure>\n<\/div>\n\n\n\n<div class=\"wp-block-column is-vertically-aligned-center is-layout-flow wp-block-column-is-layout-flow\">\n<div class=\"wp-block-group is-content-justification-center is-nowrap is-layout-flex wp-container-core-group-is-layout-7651b72e wp-block-group-is-layout-flex\" style=\"min-height:100%\">\n<div class=\"wp-block-group has-global-padding is-content-justification-center is-layout-constrained wp-container-core-group-is-layout-b15c80d6 wp-block-group-is-layout-constrained\">\n<h3 class=\"wp-block-heading has-text-align-left has-text-color has-work-sans-regular-font-family\" style=\"color:#07277c;margin-top:0.5rem;margin-bottom:1.01rem;font-size:clamp(0.929rem, 0.929rem + ((1vw - 0.2rem) * 0.856), 1.4rem);font-style:normal;font-weight:500;letter-spacing:0px;line-height:1.3\"><strong><strong><strong><strong><strong>Th\u00e9rapie de couple<\/strong><\/strong><\/strong><\/strong><\/strong> :<\/h3>\n\n\n\n<p class=\"has-text-align-left has-text-color has-link-color has-work-sans-regular-font-family has-medium-font-size wp-elements-eed26e94644c697a3b9905574031b55c\" style=\"color:#000000;line-height:1.3\"><strong>\u00ab\u00a0La vie amoureuse est une aventure en soi\u2026\u00a0\u00bb<\/strong><br><br><\/p>\n\n\n\n<p class=\"has-text-align-left has-text-color has-link-color has-work-sans-regular-font-family has-medium-font-size wp-elements-c1fc9c1c804c828489c54b7a4e772227\" style=\"color:#000000;line-height:1.3\">La th\u00e9rapie de couple permet d&rsquo;aider le couple \u00e0 comprendre ce qui se joue pour chacun, \u00e0 se d\u00e9tacher de sch\u00e9mas infantiles, \u00e0 trouver une articulation entre une identit\u00e9 individuelle et une identit\u00e9 de couple.&nbsp;<br>Elle n&rsquo;a pas pour unique but de r\u00e9soudre les conflits, d&rsquo;\u00e9viter la s\u00e9paration qui parfois est in\u00e9vitable mais au moins de se quitter sans ranc\u0153ur et reconnaitre la responsabilit\u00e9 de chacun.<br>Form\u00e9e \u00e0 la th\u00e9rapie de couple par l&rsquo;EAT de Lyon, je suis l\u00e0 en tant que tiers pour permettre \u00e0 chacun de pouvoir exprimer ses ressentis et besoins dans le calme et le respect de l&rsquo;autre.<br>De permettre ainsi de restaurer une communication et de se sentir \u00e9cout\u00e9 sur des th\u00e8mes parfois d\u00e9licats comme la jalousie, l&rsquo;intimit\u00e9, la sexualit\u00e9, l&rsquo;infid\u00e9lit\u00e9, la surcharge mentale\u2026<\/p>\n<\/div>\n<\/div>\n<\/div>\n<\/div>\n<\/section>\n\n\n\n<section class=\"wp-block-group alignfull has-text-color has-background has-global-padding is-content-justification-center is-layout-constrained wp-container-core-group-is-layout-cd746791 wp-block-group-is-layout-constrained\" style=\"color:#03081e;background-color:#ffffff;margin-top:0px;padding-top:0rem;padding-right:1rem;padding-bottom:5.5rem;padding-left:1rem;font-size:clamp(0.875rem, 0.875rem + ((1vw - 0.2rem) * 0.464), 1.13rem);font-style:normal;font-weight:400;line-height:1.4\">\n<div class=\"wp-block-columns alignfull is-layout-flex wp-container-core-columns-is-layout-db2df21c wp-block-columns-is-layout-flex\" style=\"margin-bottom:0px\">\n<div class=\"wp-block-column is-vertically-aligned-center has-global-padding is-content-justification-left is-layout-constrained wp-container-core-column-is-layout-12dd3699 wp-block-column-is-layout-constrained\" style=\"flex-basis:45%\">\n<figure class=\"wp-block-image alignfull size-full\"><img loading=\"lazy\" decoding=\"async\" width=\"1080\" height=\"1350\" src=\"http:\/\/sandrine-sevin-psy.fr\/wp-content\/uploads\/2024\/07\/IMG_20201013_193612_680.jpg\" alt=\"\" class=\"wp-image-99\" srcset=\"https:\/\/sandrine-sevin-psy.fr\/wp-content\/uploads\/2024\/07\/IMG_20201013_193612_680.jpg 1080w, https:\/\/sandrine-sevin-psy.fr\/wp-content\/uploads\/2024\/07\/IMG_20201013_193612_680-240x300.jpg 240w, https:\/\/sandrine-sevin-psy.fr\/wp-content\/uploads\/2024\/07\/IMG_20201013_193612_680-819x1024.jpg 819w, https:\/\/sandrine-sevin-psy.fr\/wp-content\/uploads\/2024\/07\/IMG_20201013_193612_680-768x960.jpg 768w\" sizes=\"auto, (max-width: 1080px) 100vw, 1080px\" \/><\/figure>\n<\/div>\n\n\n\n<div class=\"wp-block-column is-layout-flow wp-block-column-is-layout-flow\">\n<div class=\"wp-block-group is-nowrap is-layout-flex wp-container-core-group-is-layout-cbdd76e3 wp-block-group-is-layout-flex\" style=\"min-height:100%\">\n<div class=\"wp-block-group has-global-padding is-content-justification-center is-layout-constrained wp-container-core-group-is-layout-b15c80d6 wp-block-group-is-layout-constrained\">\n<h3 class=\"wp-block-heading has-text-align-left has-text-color has-work-sans-regular-font-family\" style=\"color:#07277c;margin-top:0.5rem;margin-bottom:1.01rem;font-size:clamp(0.929rem, 0.929rem + ((1vw - 0.2rem) * 0.856), 1.4rem);font-style:normal;font-weight:500;letter-spacing:0px;line-height:1.3\"><strong><strong>Consultante en parentalit\u00e9 :<\/strong><\/strong><\/h3>\n\n\n\n<p class=\"has-text-align-left has-text-color has-link-color has-work-sans-regular-font-family has-medium-font-size wp-elements-9e43e56e4f7104be412409eac84f9530\" style=\"color:#000000\"><strong>\u00ab\u00a0On ne transmet que deux choses \u00e0 ses enfants : des racines et des ailes\u00a0\u00bb<\/strong> &#8211; <strong>Proverbe<\/strong><br><br><\/p>\n\n\n\n<p class=\"has-text-align-left has-text-color has-link-color has-work-sans-regular-font-family has-medium-font-size wp-elements-28cb8fc9c20ba96c524465aa38301acf\" style=\"color:#000000\">Educatrice de jeunes enfants et responsable d&rsquo;une structure petite enfance pendant 10 ans, je propose mes comp\u00e9tences dans le champ de l&rsquo;\u00e9ducation pour les parents qui rencontrent des difficult\u00e9s dans leurs relations avec leurs enfants. Pour cela, je propose des s\u00e9ances parents seuls ou avec l&rsquo;enfant ; des ateliers sur des th\u00e8mes sp\u00e9cifiques comme par exemple : le sommeil, l&rsquo;alimentation, la relation avec son ado, les besoins des tout-petits\u2026 et des groupes de paroles pour partager sa vie de parent.<\/p>\n<\/div>\n<\/div>\n<\/div>\n<\/div>\n<\/section>\n\n\n\n<section class=\"wp-block-group alignfull has-text-color has-background has-global-padding is-content-justification-center is-layout-constrained wp-container-core-group-is-layout-b1be81b0 wp-block-group-is-layout-constrained\" style=\"color:#03081e;background-color:#fff8e7;margin-top:0px;padding-top:0rem;padding-right:1rem;padding-bottom:0.5rem;padding-left:1rem;font-size:clamp(0.875rem, 0.875rem + ((1vw - 0.2rem) * 0.464), 1.13rem);font-style:normal;font-weight:400;line-height:1.4\">\n<div class=\"wp-block-columns is-layout-flex wp-container-core-columns-is-layout-db2df21c wp-block-columns-is-layout-flex\" style=\"margin-bottom:0px\">\n<div class=\"wp-block-column is-layout-flow wp-block-column-is-layout-flow\">\n<div class=\"wp-block-group is-nowrap is-layout-flex wp-container-core-group-is-layout-3f7ca830 wp-block-group-is-layout-flex\" style=\"min-height:100%\">\n<div class=\"wp-block-group has-global-padding is-content-justification-center is-layout-constrained wp-container-core-group-is-layout-b15c80d6 wp-block-group-is-layout-constrained\">\n<h3 class=\"wp-block-heading has-text-align-left has-text-color has-work-sans-regular-font-family\" style=\"color:#07277c;margin-top:0.5rem;margin-bottom:1.01rem;font-size:clamp(0.929rem, 0.929rem + ((1vw - 0.2rem) * 0.856), 1.4rem);font-style:normal;font-weight:500;letter-spacing:0px;line-height:1.3\"><strong><strong><strong><strong><strong>Intervenante en analyse de la pratique professionnelle :<\/strong><\/strong><\/strong><\/strong><\/strong><\/h3>\n\n\n\n<p class=\"has-text-align-left has-text-color has-link-color has-work-sans-regular-font-family has-medium-font-size wp-elements-ac059cc02db99c011da70613daf23481\" style=\"color:#000000;margin-top:0;margin-right:0;margin-bottom:0;margin-left:0;padding-top:0;padding-right:0;padding-bottom:0;padding-left:0\">Mes exp\u00e9riences professionnelles d&rsquo;\u00e9ducatrice de jeunes enfants, responsable d&rsquo;une structure petite enfance pendant 10 ans et par la suite de directrice d&rsquo;un centre social pendant 6 ans m&rsquo;ont permises d&rsquo;avoir une tr\u00e8s bonne connaissance sur les besoins des \u00e9quipes pluridisciplinaires, les difficult\u00e9s rencontr\u00e9es dans les relations avec les usagers, la gestion des conflits&#8230;<br>Je me suis form\u00e9e \u00e0 l&rsquo;animation de groupes d&rsquo;Analyse de la Pratique Professionnelle par l&rsquo;AFCEOR, Lyon afin de proposer mes comp\u00e9tences en tant que psychopraticienne en analyse transactionnelle aupr\u00e8s d&rsquo;\u00e9quipes du social, du m\u00e9dico-social, de la petite enfance et d&rsquo;\u00e9tudiants en travail social.<br>Les s\u00e9ances d&rsquo;APP dans un cadre structur\u00e9 et s\u00e9curisant permettent aux professionnel(le)s, en s&rsquo;appuyant sur la dynamique et les ressources du groupe, d&rsquo;analyser des situations qui les interrogent, leur posent probl\u00e8me, de prendre de la distance concernant leur pratique, de donner du sens \u00e0 leurs exp\u00e9riences et \u00e9motions, de d\u00e9velopper leurs capacit\u00e9s \u00e0 r\u00e9soudre des probl\u00e9matiques et \u00e0 prendre des d\u00e9cisions en &nbsp;conscience.<\/p>\n<\/div>\n<\/div>\n<\/div>\n\n\n\n<div class=\"wp-block-column is-vertically-aligned-center has-global-padding is-content-justification-left is-layout-constrained wp-container-core-column-is-layout-12dd3699 wp-block-column-is-layout-constrained\" style=\"flex-basis:45%\">\n<figure class=\"wp-block-image alignfull size-full\"><img loading=\"lazy\" decoding=\"async\" width=\"1920\" height=\"2560\" src=\"http:\/\/sandrine-sevin-psy.fr\/wp-content\/uploads\/2024\/07\/20240116_135047-1-scaled.jpg\" alt=\"\" class=\"wp-image-282\" srcset=\"https:\/\/sandrine-sevin-psy.fr\/wp-content\/uploads\/2024\/07\/20240116_135047-1-scaled.jpg 1920w, https:\/\/sandrine-sevin-psy.fr\/wp-content\/uploads\/2024\/07\/20240116_135047-1-225x300.jpg 225w, https:\/\/sandrine-sevin-psy.fr\/wp-content\/uploads\/2024\/07\/20240116_135047-1-768x1024.jpg 768w, https:\/\/sandrine-sevin-psy.fr\/wp-content\/uploads\/2024\/07\/20240116_135047-1-1152x1536.jpg 1152w, https:\/\/sandrine-sevin-psy.fr\/wp-content\/uploads\/2024\/07\/20240116_135047-1-1536x2048.jpg 1536w\" sizes=\"auto, (max-width: 1920px) 100vw, 1920px\" \/><\/figure>\n<\/div>\n<\/div>\n<\/section>\n\n\n\n<p><\/p>\n","protected":false},"excerpt":{"rendered":"<p>Ma formation :&#8211; Etudes d&rsquo;\u00e9ducatrice de jeunes enfants, Ecole Saint Honor\u00e9, Paris&#8211; Etudes de Psychologie \u00e0 l&rsquo;Universit\u00e9 de Bourgogne, Dijon&#8211; Formation \u00e0 l&rsquo;Ecole d&rsquo;Analyse Transactionnelle de Lyon&#8211; Formation \u00e0 l&rsquo;analyse de la pratique professionnelle Je suis en formation permanente afin de toujours mieux comprendre les ph\u00e9nom\u00e8nes psychiques.Je participe \u00e0 des groupes d&rsquo;intervisions et de supervisions [&hellip;]<\/p>\n","protected":false},"author":1,"featured_media":0,"parent":0,"menu_order":0,"comment_status":"closed","ping_status":"closed","template":"","meta":{"footnotes":""},"class_list":["post-18","page","type-page","status-publish","hentry"],"_links":{"self":[{"href":"https:\/\/sandrine-sevin-psy.fr\/index.php\/wp-json\/wp\/v2\/pages\/18","targetHints":{"allow":["GET"]}}],"collection":[{"href":"https:\/\/sandrine-sevin-psy.fr\/index.php\/wp-json\/wp\/v2\/pages"}],"about":[{"href":"https:\/\/sandrine-sevin-psy.fr\/index.php\/wp-json\/wp\/v2\/types\/page"}],"author":[{"embeddable":true,"href":"https:\/\/sandrine-sevin-psy.fr\/index.php\/wp-json\/wp\/v2\/users\/1"}],"replies":[{"embeddable":true,"href":"https:\/\/sandrine-sevin-psy.fr\/index.php\/wp-json\/wp\/v2\/comments?post=18"}],"version-history":[{"count":82,"href":"https:\/\/sandrine-sevin-psy.fr\/index.php\/wp-json\/wp\/v2\/pages\/18\/revisions"}],"predecessor-version":[{"id":469,"href":"https:\/\/sandrine-sevin-psy.fr\/index.php\/wp-json\/wp\/v2\/pages\/18\/revisions\/469"}],"wp:attachment":[{"href":"https:\/\/sandrine-sevin-psy.fr\/index.php\/wp-json\/wp\/v2\/media?parent=18"}],"curies":[{"name":"wp","href":"https:\/\/api.w.org\/{rel}","templated":true}]}}