{"id":296,"date":"2024-07-19T14:45:28","date_gmt":"2024-07-19T12:45:28","guid":{"rendered":"https:\/\/sandrine-sevin-psy.fr\/?page_id=296"},"modified":"2026-02-02T17:38:21","modified_gmt":"2026-02-02T16:38:21","slug":"tarifs","status":"publish","type":"page","link":"https:\/\/sandrine-sevin-psy.fr\/index.php\/tarifs\/","title":{"rendered":"Tarifs"},"content":{"rendered":"\n<div class=\"wp-block-group alignfull has-background has-small-font-size wp-elements-35819633dcaaed5e452a97773aeac10a is-vertical is-content-justification-center is-layout-flex wp-container-core-group-is-layout-7b241dc8 wp-block-group-is-layout-flex\" style=\"background-color:#fff8e7;min-height:372px;margin-top:0;margin-bottom:0;padding-top:0rem;padding-right:0rem;padding-bottom:0rem;padding-left:0rem\">\n<div class=\"wp-block-group alignwide has-global-padding is-layout-constrained wp-block-group-is-layout-constrained\" style=\"padding-bottom:1rem\">\n<h2 class=\"wp-block-heading has-text-align-center has-text-color\" style=\"color:#07277c;font-size:clamp(1.556rem, 1.556rem + ((1vw - 0.2rem) * 1.916), 2.61rem);font-style:normal;font-weight:600;line-height:1.5;text-transform:capitalize\">Mes Tarifs<\/h2>\n<\/div>\n\n\n\n<h2 class=\"wp-block-heading has-text-align-center has-text-color\" style=\"color:#07277c;padding-top:0;padding-right:0;padding-bottom:0;padding-left:0;font-size:clamp(1.146rem, 1.146rem + ((1vw - 0.2rem) * 1.189), 1.8rem);\"><strong>Premier entretien : 70 \u20ac <\/strong><\/h2>\n\n\n\n<div style=\"height:33px\" aria-hidden=\"true\" class=\"wp-block-spacer wp-container-content-67de619e\"><\/div>\n\n\n\n<div class=\"wp-block-group alignwide has-global-padding is-layout-constrained wp-container-core-group-is-layout-4dbb5d72 wp-block-group-is-layout-constrained\" style=\"min-height:0px;margin-top:0rem\">\n<div class=\"wp-block-columns alignwide is-layout-flex wp-container-core-columns-is-layout-85231905 wp-block-columns-is-layout-flex\">\n<div class=\"wp-block-column has-global-padding is-content-justification-center is-layout-constrained wp-container-core-column-is-layout-412b4476 wp-block-column-is-layout-constrained\" style=\"padding-bottom:2rem\">\n<div class=\"wp-block-group has-global-padding is-layout-constrained wp-container-core-group-is-layout-668d2085 wp-block-group-is-layout-constrained\">\n<h5 class=\"wp-block-heading has-text-align-center has-text-color\" style=\"color:#07277c;font-size:clamp(1.044rem, 1.044rem + ((1vw - 0.2rem) * 1.029), 1.61rem);font-style:normal;font-weight:600;line-height:1.4;text-transform:none\">S\u00e9ance enfant<br>0-10 ans<\/h5>\n<\/div>\n\n\n\n<div class=\"wp-block-group has-global-padding is-layout-constrained wp-container-core-group-is-layout-4f9f0532 wp-block-group-is-layout-constrained\">\n<p class=\"has-text-align-center has-text-color has-work-sans-regular-font-family\" style=\"color:#252525;margin-top:0rem;font-size:clamp(0.875rem, 0.875rem + ((1vw - 0.2rem) * 0.064), 0.91rem);font-style:normal;font-weight:400;line-height:1.5\">Dur\u00e9e : 30 minutes<br>50 \u20ac<\/p>\n<\/div>\n<\/div>\n\n\n\n<div class=\"wp-block-column has-global-padding is-layout-constrained wp-container-core-column-is-layout-a3af4fe5 wp-block-column-is-layout-constrained\" style=\"padding-bottom:2rem\">\n<div class=\"wp-block-group has-global-padding is-layout-constrained wp-container-core-group-is-layout-668d2085 wp-block-group-is-layout-constrained\">\n<h5 class=\"wp-block-heading has-text-align-center has-text-color\" style=\"color:#07277c;font-size:clamp(1.044rem, 1.044rem + ((1vw - 0.2rem) * 1.029), 1.61rem);font-style:normal;font-weight:600;line-height:1.4;text-transform:none\">S\u00e9ance adulte et adolescent \u00e0 partir de 11 ans<\/h5>\n<\/div>\n\n\n\n<div class=\"wp-block-group has-global-padding is-layout-constrained wp-container-core-group-is-layout-4f9f0532 wp-block-group-is-layout-constrained\">\n<p class=\"has-text-align-center has-text-color has-work-sans-regular-font-family\" style=\"color:#252525;margin-top:0rem;font-size:clamp(0.875rem, 0.875rem + ((1vw - 0.2rem) * 0.064), 0.91rem);font-style:normal;font-weight:400;line-height:1.5\">Dur\u00e9e : 45 minutes<br>60 \u20ac<\/p>\n<\/div>\n<\/div>\n\n\n\n<div class=\"wp-block-column has-global-padding is-content-justification-center is-layout-constrained wp-container-core-column-is-layout-412b4476 wp-block-column-is-layout-constrained\" style=\"padding-bottom:2rem\">\n<div class=\"wp-block-group has-global-padding is-layout-constrained wp-container-core-group-is-layout-668d2085 wp-block-group-is-layout-constrained\">\n<h5 class=\"wp-block-heading has-text-align-center has-text-color\" style=\"color:#07277c;font-size:clamp(1.044rem, 1.044rem + ((1vw - 0.2rem) * 1.029), 1.61rem);font-style:normal;font-weight:600;line-height:1.4;text-transform:none\">S\u00e9ance de soutien parental<\/h5>\n<\/div>\n\n\n\n<div class=\"wp-block-group has-global-padding is-layout-constrained wp-container-core-group-is-layout-4f9f0532 wp-block-group-is-layout-constrained\">\n<p class=\"has-text-align-center has-text-color has-work-sans-regular-font-family\" style=\"color:#252525;margin-top:0rem;font-size:clamp(0.875rem, 0.875rem + ((1vw - 0.2rem) * 0.064), 0.91rem);font-style:normal;font-weight:400;line-height:1.5\">Dur\u00e9e : 1 heure<br>70 \u20ac<\/p>\n<\/div>\n<\/div>\n\n\n\n<div class=\"wp-block-column is-layout-flow wp-block-column-is-layout-flow\">\n<div class=\"wp-block-group has-global-padding is-layout-constrained wp-block-group-is-layout-constrained\">\n<h2 class=\"wp-block-heading has-text-align-center has-text-color has-link-color wp-elements-e3f2586a994a6cfee277465ed95da272\" style=\"color:#07277c;font-size:clamp(1.044rem, 1.044rem + ((1vw - 0.2rem) * 1.029), 1.61rem);font-style:normal;font-weight:600;line-height:1.4\">S\u00e9ance de th\u00e9rapie de couple<\/h2>\n<\/div>\n\n\n\n<div class=\"wp-block-group has-global-padding is-layout-constrained wp-container-core-group-is-layout-4f9f0532 wp-block-group-is-layout-constrained\">\n<p class=\"has-text-align-center has-text-color has-work-sans-regular-font-family\" style=\"color:#252525;margin-top:0rem;font-size:clamp(0.875rem, 0.875rem + ((1vw - 0.2rem) * 0.064), 0.91rem);font-style:normal;font-weight:400;line-height:1.5\">Dur\u00e9e : 1 heure<br>95 \u20ac<\/p>\n<\/div>\n<\/div>\n\n\n\n<div class=\"wp-block-column has-global-padding is-layout-constrained wp-container-core-column-is-layout-a3af4fe5 wp-block-column-is-layout-constrained\" style=\"padding-bottom:2rem\">\n<div class=\"wp-block-group has-global-padding is-layout-constrained wp-container-core-group-is-layout-668d2085 wp-block-group-is-layout-constrained\">\n<h5 class=\"wp-block-heading has-text-align-center has-text-color\" style=\"color:#07277c;font-size:clamp(1.044rem, 1.044rem + ((1vw - 0.2rem) * 1.029), 1.61rem);font-style:normal;font-weight:600;line-height:1.4;text-transform:none\">S\u00e9ance de supervision APP <\/h5>\n<\/div>\n\n\n\n<div class=\"wp-block-group has-global-padding is-layout-constrained wp-container-core-group-is-layout-4f9f0532 wp-block-group-is-layout-constrained\">\n<p class=\"has-text-align-center has-text-color has-work-sans-regular-font-family\" style=\"color:#252525;margin-top:0rem;font-size:clamp(0.875rem, 0.875rem + ((1vw - 0.2rem) * 0.064), 0.91rem);font-style:normal;font-weight:400;line-height:1.5\">Sur devis<\/p>\n<\/div>\n<\/div>\n<\/div>\n<\/div>\n<\/div>\n","protected":false},"excerpt":{"rendered":"<p>Mes Tarifs Premier entretien : 70 \u20ac S\u00e9ance enfant0-10 ans Dur\u00e9e : 30 minutes50 \u20ac S\u00e9ance adulte et adolescent \u00e0 partir de 11 ans Dur\u00e9e : 45 minutes60 \u20ac S\u00e9ance de soutien parental Dur\u00e9e : 1 heure70 \u20ac S\u00e9ance de th\u00e9rapie de couple Dur\u00e9e : 1 heure95 \u20ac S\u00e9ance de supervision APP Sur devis<\/p>\n","protected":false},"author":1,"featured_media":0,"parent":0,"menu_order":0,"comment_status":"closed","ping_status":"closed","template":"","meta":{"footnotes":""},"class_list":["post-296","page","type-page","status-publish","hentry"],"_links":{"self":[{"href":"https:\/\/sandrine-sevin-psy.fr\/index.php\/wp-json\/wp\/v2\/pages\/296","targetHints":{"allow":["GET"]}}],"collection":[{"href":"https:\/\/sandrine-sevin-psy.fr\/index.php\/wp-json\/wp\/v2\/pages"}],"about":[{"href":"https:\/\/sandrine-sevin-psy.fr\/index.php\/wp-json\/wp\/v2\/types\/page"}],"author":[{"embeddable":true,"href":"https:\/\/sandrine-sevin-psy.fr\/index.php\/wp-json\/wp\/v2\/users\/1"}],"replies":[{"embeddable":true,"href":"https:\/\/sandrine-sevin-psy.fr\/index.php\/wp-json\/wp\/v2\/comments?post=296"}],"version-history":[{"count":8,"href":"https:\/\/sandrine-sevin-psy.fr\/index.php\/wp-json\/wp\/v2\/pages\/296\/revisions"}],"predecessor-version":[{"id":473,"href":"https:\/\/sandrine-sevin-psy.fr\/index.php\/wp-json\/wp\/v2\/pages\/296\/revisions\/473"}],"wp:attachment":[{"href":"https:\/\/sandrine-sevin-psy.fr\/index.php\/wp-json\/wp\/v2\/media?parent=296"}],"curies":[{"name":"wp","href":"https:\/\/api.w.org\/{rel}","templated":true}]}}